{"id":9758,"date":"2016-10-06T03:56:06","date_gmt":"2016-10-06T01:56:06","guid":{"rendered":"https:\/\/business.r4u.app\/our-contacts\/"},"modified":"2022-10-31T12:45:24","modified_gmt":"2022-10-31T11:45:24","slug":"our-contacts","status":"publish","type":"page","link":"https:\/\/business.r4u.app\/en\/our-contacts\/","title":{"rendered":"Our Contacts"},"content":{"rendered":"\t\t<div data-elementor-type=\"wp-post\" data-elementor-id=\"9758\" class=\"elementor elementor-9758 elementor-294\">\n\t\t\t\t\t\t\t\t\t<section class=\"elementor-section elementor-top-section elementor-element elementor-element-d243dfa pad-bot-50 elementor-section-boxed elementor-section-height-default elementor-section-height-default\" data-id=\"d243dfa\" data-element_type=\"section\">\n\t\t\t\t\t\t<div class=\"elementor-container elementor-column-gap-wide\">\n\t\t\t\t\t<div class=\"elementor-column elementor-col-33 elementor-top-column elementor-element elementor-element-fd5ce14\" data-id=\"fd5ce14\" data-element_type=\"column\">\n\t\t\t<div class=\"elementor-widget-wrap elementor-element-populated\">\n\t\t\t\t\t\t\t\t<div class=\"elementor-element elementor-element-6cee528 elementor-widget elementor-widget-section_titleleft\" data-id=\"6cee528\" data-element_type=\"widget\" data-widget_type=\"section_titleleft.default\">\n\t\t\t\t<div class=\"elementor-widget-container\">\n\t\t\t        <div class=\"ab_text-title fl-wrap\">\n            <h3>Get in Touch<\/h3><span class=\"section-separator fl-sec-sep\"><\/span>        <\/div>\n        \t\t<\/div>\n\t\t\t\t<\/div>\n\t\t\t\t<div class=\"elementor-element elementor-element-9ee57ee contact-infos-widget elementor-widget elementor-widget-text-editor\" data-id=\"9ee57ee\" data-element_type=\"widget\" data-widget_type=\"text-editor.default\">\n\t\t\t\t<div class=\"elementor-widget-container\">\n\t\t\t<style>\/*! elementor - v3.7.8 - 02-10-2022 *\/\n.elementor-widget-text-editor.elementor-drop-cap-view-stacked .elementor-drop-cap{background-color:#818a91;color:#fff}.elementor-widget-text-editor.elementor-drop-cap-view-framed .elementor-drop-cap{color:#818a91;border:3px solid;background-color:transparent}.elementor-widget-text-editor:not(.elementor-drop-cap-view-default) .elementor-drop-cap{margin-top:8px}.elementor-widget-text-editor:not(.elementor-drop-cap-view-default) .elementor-drop-cap-letter{width:1em;height:1em}.elementor-widget-text-editor .elementor-drop-cap{float:left;text-align:center;line-height:1;font-size:50px}.elementor-widget-text-editor .elementor-drop-cap-letter{display:inline-block}<\/style>\t\t\t\t<ul class=\"no-list-style contact-infos\">\n<li><span class=\"no-rep\"><i class=\"fal fa-map-marker\"><\/i> Adress : Bratislava, Slovakia<\/span><\/li>\n<li><span class=\"no-rep\"><i class=\"fal fa-phone\"><\/i> Phone: +421 910 459 853<\/span><\/li>\n<li><span class=\"no-rep\"><i class=\"fal fa-envelope\"><\/i> Mail: info@b4u.app<\/span><\/li>\n<\/ul>\n<ul class=\"no-list-style contact-socials\">\n<li><a href=\"#\" target=\"_blank\" rel=\"noopener\"><i class=\"fab fa-facebook-f\"><\/i><\/a><\/li>\n<li><a href=\"#\" target=\"_blank\" rel=\"noopener\"><i class=\"fab fa-twitter\"><\/i><\/a><\/li>\n<li><a href=\"#\" target=\"_blank\" rel=\"noopener\"><i class=\"fab fa-vk\"><\/i><\/a><\/li>\n<li><a href=\"#\" target=\"_blank\" rel=\"noopener\"><i class=\"fab fa-instagram\"><\/i><\/a><\/li>\n<\/ul>\n\t\t\t\t\t\t<\/div>\n\t\t\t\t<\/div>\n\t\t\t\t<div class=\"elementor-element elementor-element-c70b4f3 elementor-widget elementor-widget-wp-widget-townhub-banner\" data-id=\"c70b4f3\" data-element_type=\"widget\" data-widget_type=\"wp-widget-townhub-banner.default\">\n\t\t\t\t<div class=\"elementor-widget-container\">\n\t\t\t\n\t\t\t\t\n\t\t\t<div class=\"banner-wdget fl-wrap\">\n                \n                                <div class=\"bg\" data-bg=\"https:\/\/business.r4u.app\/wp-content\/uploads\/2019\/08\/18-768x512.jpg\"><\/div>\n                                <div class=\"overlay\"><\/div>\n                <div class=\"banner-wdget-content fl-wrap\">\n                    <h4>Zapojte sa do n\u00e1\u0161ho vernostn\u00e9ho programu. Odporu\u010dte priate\u013eovi a z\u00edskajte z\u013eavu.<\/h4>\r\n<a href=\"#\" class=\"color-bg\">Z\u00edskajte svoj odkaz<\/a>                <\/div>\n            <\/div>\n\n        \n\t\t\t<\/div>\n\t\t\t\t<\/div>\n\t\t\t\t\t<\/div>\n\t\t<\/div>\n\t\t\t\t<div class=\"elementor-column elementor-col-66 elementor-top-column elementor-element elementor-element-bf53b92\" data-id=\"bf53b92\" data-element_type=\"column\">\n\t\t\t<div class=\"elementor-widget-wrap elementor-element-populated\">\n\t\t\t\t\t\t\t\t<div class=\"elementor-element elementor-element-49b14da elementor-widget elementor-widget-section_titleleft\" data-id=\"49b14da\" data-element_type=\"widget\" data-widget_type=\"section_titleleft.default\">\n\t\t\t\t<div class=\"elementor-widget-container\">\n\t\t\t        <div class=\"ab_text-title fl-wrap\">\n            <h3>Drop us a line<\/h3><span class=\"section-separator fl-sec-sep\"><\/span>        <\/div>\n        \t\t<\/div>\n\t\t\t\t<\/div>\n\t\t\t\t<div class=\"elementor-element elementor-element-38e24b2 elementor-widget elementor-widget-contact_form7\" data-id=\"38e24b2\" data-element_type=\"widget\" data-widget_type=\"contact_form7.default\">\n\t\t\t\t<div class=\"elementor-widget-container\">\n\t\t\t        <div class=\"contact-form7\"><div role=\"form\" class=\"wpcf7\" id=\"wpcf7-f9770-o1\" lang=\"en-US\" dir=\"ltr\">\n<div class=\"screen-reader-response\"><p role=\"status\" aria-live=\"polite\" aria-atomic=\"true\"><\/p> <ul><\/ul><\/div>\n<form action=\"\/en\/wp-json\/wp\/v2\/pages\/9758#wpcf7-f9770-o1\" method=\"post\" class=\"wpcf7-form init\" novalidate=\"novalidate\" data-status=\"init\">\n<div style=\"display: none;\">\n<input type=\"hidden\" name=\"_wpcf7\" value=\"9770\" \/>\n<input type=\"hidden\" name=\"_wpcf7_version\" value=\"5.6.4\" \/>\n<input type=\"hidden\" name=\"_wpcf7_locale\" value=\"en_US\" \/>\n<input type=\"hidden\" name=\"_wpcf7_unit_tag\" value=\"wpcf7-f9770-o1\" \/>\n<input type=\"hidden\" name=\"_wpcf7_container_post\" value=\"0\" \/>\n<input type=\"hidden\" name=\"_wpcf7_posted_data_hash\" value=\"\" \/>\n<\/div>\n<div class=\"contact-form-holder custom-form\">\n<p>   <label><i class=\"fal fa-user\"><\/i><\/label><span class=\"wpcf7-form-control-wrap\" data-name=\"your-name\"><input type=\"text\" name=\"your-name\" value=\"\" size=\"40\" class=\"wpcf7-form-control wpcf7-text wpcf7-validates-as-required has-icon\" aria-required=\"true\" aria-invalid=\"false\" placeholder=\"Your Name *\" \/><\/span><\/p>\n<div class=\"clearfix\"><\/div>\n<p>   <label><i class=\"fal fa-envelope\"><\/i><\/label><span class=\"wpcf7-form-control-wrap\" data-name=\"your-email\"><input type=\"email\" name=\"your-email\" value=\"\" size=\"40\" class=\"wpcf7-form-control wpcf7-text wpcf7-email wpcf7-validates-as-required wpcf7-validates-as-email has-icon\" aria-required=\"true\" aria-invalid=\"false\" placeholder=\"Email Address *\" \/><\/span><\/p>\n<p>   <span class=\"wpcf7-form-control-wrap\" data-name=\"your-message\"><textarea name=\"your-message\" cols=\"40\" rows=\"10\" class=\"wpcf7-form-control wpcf7-textarea wpcf7-validates-as-required\" aria-required=\"true\" aria-invalid=\"false\" placeholder=\"Your Message\"><\/textarea><\/span><\/p>\n<p>   <input type=\"submit\" value=\"Send Message\" class=\"wpcf7-form-control has-spinner wpcf7-submit btn color2-bg\" \/>\n<\/p><\/div>\n<div class=\"wpcf7-response-output\" aria-hidden=\"true\"><\/div><\/form><\/div><\/div>\n        \t\t<\/div>\n\t\t\t\t<\/div>\n\t\t\t\t\t<\/div>\n\t\t<\/div>\n\t\t\t\t\t\t\t<\/div>\n\t\t<\/section>\n\t\t\t\t\t\t\t<\/div>\n\t\t","protected":false},"excerpt":{"rendered":"<p>Get in Touch Adress : Bratislava, Slovakia Phone: +421 910 459 853 Mail: info@b4u.app Drop us a line<\/p>\n","protected":false},"author":1,"featured_media":9724,"parent":0,"menu_order":0,"comment_status":"closed","ping_status":"closed","template":"page-fullwidth.php","meta":{"_monsterinsights_skip_tracking":false,"_monsterinsights_sitenote_active":false,"_monsterinsights_sitenote_note":"","_monsterinsights_sitenote_category":0},"aioseo_notices":[],"_links":{"self":[{"href":"https:\/\/business.r4u.app\/en\/wp-json\/wp\/v2\/pages\/9758"}],"collection":[{"href":"https:\/\/business.r4u.app\/en\/wp-json\/wp\/v2\/pages"}],"about":[{"href":"https:\/\/business.r4u.app\/en\/wp-json\/wp\/v2\/types\/page"}],"author":[{"embeddable":true,"href":"https:\/\/business.r4u.app\/en\/wp-json\/wp\/v2\/users\/1"}],"replies":[{"embeddable":true,"href":"https:\/\/business.r4u.app\/en\/wp-json\/wp\/v2\/comments?post=9758"}],"version-history":[{"count":16,"href":"https:\/\/business.r4u.app\/en\/wp-json\/wp\/v2\/pages\/9758\/revisions"}],"predecessor-version":[{"id":9776,"href":"https:\/\/business.r4u.app\/en\/wp-json\/wp\/v2\/pages\/9758\/revisions\/9776"}],"wp:featuredmedia":[{"embeddable":true,"href":"https:\/\/business.r4u.app\/en\/wp-json\/wp\/v2\/media\/9724"}],"wp:attachment":[{"href":"https:\/\/business.r4u.app\/en\/wp-json\/wp\/v2\/media?parent=9758"}],"curies":[{"name":"wp","href":"https:\/\/api.w.org\/{rel}","templated":true}]}}